{"id":1499,"date":"2021-02-03T16:21:33","date_gmt":"2021-02-03T15:21:33","guid":{"rendered":"https:\/\/tousenconcert.org\/?page_id=1499"},"modified":"2021-04-21T09:51:56","modified_gmt":"2021-04-21T07:51:56","slug":"extraits-musicaux","status":"publish","type":"page","link":"https:\/\/tousenconcert.org\/fr\/extraits-musicaux\/","title":{"rendered":"Extraits musicaux"},"content":{"rendered":"\t\t<div data-elementor-type=\"wp-page\" data-elementor-id=\"1499\" class=\"elementor elementor-1499\">\n\t\t\t\t\t\t<div class=\"elementor-inner\">\n\t\t\t\t<div class=\"elementor-section-wrap\">\n\t\t\t\t\t\t\t\t\t<section class=\"elementor-section elementor-top-section elementor-element elementor-element-d0f93ef elementor-section-boxed elementor-section-height-default elementor-section-height-default\" data-id=\"d0f93ef\" data-element_type=\"section\">\n\t\t\t\t\t\t<div class=\"elementor-container elementor-column-gap-default\">\n\t\t\t\t\t\t\t<div class=\"elementor-row\">\n\t\t\t\t\t<div class=\"elementor-column elementor-col-100 elementor-top-column elementor-element elementor-element-d75ff45\" data-id=\"d75ff45\" data-element_type=\"column\">\n\t\t\t<div class=\"elementor-column-wrap elementor-element-populated\">\n\t\t\t\t\t\t\t<div class=\"elementor-widget-wrap\">\n\t\t\t\t\t\t<div class=\"elementor-element elementor-element-3d9b57f elementor-posts--thumbnail-none elementor-grid-3 elementor-grid-tablet-2 elementor-grid-mobile-1 elementor-widget elementor-widget-posts\" data-id=\"3d9b57f\" data-element_type=\"widget\" data-settings=\"{&quot;pagination_type&quot;:&quot;numbers_and_prev_next&quot;,&quot;classic_columns&quot;:&quot;3&quot;,&quot;classic_columns_tablet&quot;:&quot;2&quot;,&quot;classic_columns_mobile&quot;:&quot;1&quot;,&quot;classic_row_gap&quot;:{&quot;unit&quot;:&quot;px&quot;,&quot;size&quot;:35,&quot;sizes&quot;:[]},&quot;classic_row_gap_tablet&quot;:{&quot;unit&quot;:&quot;px&quot;,&quot;size&quot;:&quot;&quot;,&quot;sizes&quot;:[]},&quot;classic_row_gap_mobile&quot;:{&quot;unit&quot;:&quot;px&quot;,&quot;size&quot;:&quot;&quot;,&quot;sizes&quot;:[]}}\" data-widget_type=\"posts.classic\">\n\t\t\t\t<div class=\"elementor-widget-container\">\n\t\t\t\t\t<div class=\"elementor-posts-container elementor-posts elementor-posts--skin-classic elementor-grid\">\n\t\t\t\t<article class=\"elementor-post elementor-grid-item post-3003 extrait-musical type-extrait-musical status-publish hentry\">\n\t\t\t\t<div class=\"elementor-post__text\">\n\t\t\t\t<h3 class=\"elementor-post__title\">\n\t\t\t<a href=\"https:\/\/tousenconcert.org\/fr\/extrait-musical\/matthieu-provansal-et-pierre-watrin-sonate-pour-violoncelle-et-piano-de-c-franck-en-la-majeur-fwv-8-4ieme-mouvement\/\" >\n\t\t\t\tMatthieu Provansal et Pierre Watrin : Sonate pour violoncelle et piano de C. Franck en La majeur FWV 8 (4i\u00e8me mouvement)\t\t\t<\/a>\n\t\t<\/h3>\n\t\t\t\t<div class=\"elementor-post__excerpt\">\n\t\t\t<p>R\u00e9cital de &lsquo;Tous en concert !&rsquo; du 26 novembre 2022<\/p>\n\t\t<\/div>\n\t\t\n\t\t<a class=\"elementor-post__read-more\" href=\"https:\/\/tousenconcert.org\/fr\/extrait-musical\/matthieu-provansal-et-pierre-watrin-sonate-pour-violoncelle-et-piano-de-c-franck-en-la-majeur-fwv-8-4ieme-mouvement\/\" aria-label=\"En savoir plus sur Matthieu Provansal et Pierre Watrin : Sonate pour violoncelle et piano de C. Franck en La majeur FWV 8 (4i\u00e8me mouvement)\" >\n\t\t\tEcouter \u00bb\t\t<\/a>\n\n\t\t\t\t<\/div>\n\t\t\t\t<\/article>\n\t\t\t\t<article class=\"elementor-post elementor-grid-item post-3026 extrait-musical type-extrait-musical status-publish hentry\">\n\t\t\t\t<div class=\"elementor-post__text\">\n\t\t\t\t<h3 class=\"elementor-post__title\">\n\t\t\t<a href=\"https:\/\/tousenconcert.org\/fr\/extrait-musical\/gerard-moutet-j-brahms-opus-118-12-4-et-6\/\" >\n\t\t\t\tG\u00e9rard Moutet   J. Brahms Opus 118 (1,2 4 et 6)\t\t\t<\/a>\n\t\t<\/h3>\n\t\t\t\t<div class=\"elementor-post__excerpt\">\n\t\t\t<p>R\u00e9cital de &lsquo;Tous en concert !&rsquo; du 8 octobre 2022<\/p>\n\t\t<\/div>\n\t\t\n\t\t<a class=\"elementor-post__read-more\" href=\"https:\/\/tousenconcert.org\/fr\/extrait-musical\/gerard-moutet-j-brahms-opus-118-12-4-et-6\/\" aria-label=\"En savoir plus sur G\u00e9rard Moutet   J. Brahms Opus 118 (1,2 4 et 6)\" >\n\t\t\tEcouter \u00bb\t\t<\/a>\n\n\t\t\t\t<\/div>\n\t\t\t\t<\/article>\n\t\t\t\t<article class=\"elementor-post elementor-grid-item post-2970 extrait-musical type-extrait-musical status-publish hentry\">\n\t\t\t\t<div class=\"elementor-post__text\">\n\t\t\t\t<h3 class=\"elementor-post__title\">\n\t\t\t<a href=\"https:\/\/tousenconcert.org\/fr\/extrait-musical\/olivier-cloirec-s-rachmaninoff-moments-musicaux-opus-16-n-3-et-4\/\" >\n\t\t\t\tOlivier Cloirec   S. Rachmaninoff  Moments musicaux opus 16 N\u00b0 3 et 4\t\t\t<\/a>\n\t\t<\/h3>\n\t\t\t\t<div class=\"elementor-post__excerpt\">\n\t\t\t<p>R\u00e9cital de &lsquo;Tous en concert !&rsquo; du 8 octobre 2022<\/p>\n\t\t<\/div>\n\t\t\n\t\t<a class=\"elementor-post__read-more\" href=\"https:\/\/tousenconcert.org\/fr\/extrait-musical\/olivier-cloirec-s-rachmaninoff-moments-musicaux-opus-16-n-3-et-4\/\" aria-label=\"En savoir plus sur Olivier Cloirec   S. Rachmaninoff  Moments musicaux opus 16 N\u00b0 3 et 4\" >\n\t\t\tEcouter \u00bb\t\t<\/a>\n\n\t\t\t\t<\/div>\n\t\t\t\t<\/article>\n\t\t\t\t<article class=\"elementor-post elementor-grid-item post-2967 extrait-musical type-extrait-musical status-publish hentry\">\n\t\t\t\t<div class=\"elementor-post__text\">\n\t\t\t\t<h3 class=\"elementor-post__title\">\n\t\t\t<a href=\"https:\/\/tousenconcert.org\/fr\/extrait-musical\/guillaume-thomain-a-scriabine-etudes-opus-8-n-2-et-5\/\" >\n\t\t\t\tGuillaume Thomain  A. Scriabine  Etudes opus 8 N\u00b0 2 et 5\t\t\t<\/a>\n\t\t<\/h3>\n\t\t\t\t<div class=\"elementor-post__excerpt\">\n\t\t\t<p>R\u00e9cital de &lsquo;Tous en concert !&rsquo; du 8 octobre 2022<\/p>\n\t\t<\/div>\n\t\t\n\t\t<a class=\"elementor-post__read-more\" href=\"https:\/\/tousenconcert.org\/fr\/extrait-musical\/guillaume-thomain-a-scriabine-etudes-opus-8-n-2-et-5\/\" aria-label=\"En savoir plus sur Guillaume Thomain  A. Scriabine  Etudes opus 8 N\u00b0 2 et 5\" >\n\t\t\tEcouter \u00bb\t\t<\/a>\n\n\t\t\t\t<\/div>\n\t\t\t\t<\/article>\n\t\t\t\t<article class=\"elementor-post elementor-grid-item post-2993 extrait-musical type-extrait-musical status-publish hentry\">\n\t\t\t\t<div class=\"elementor-post__text\">\n\t\t\t\t<h3 class=\"elementor-post__title\">\n\t\t\t<a href=\"https:\/\/tousenconcert.org\/fr\/extrait-musical\/jenny-fu-et-james-regan-b-smetana-the-moldau-pour-piano-a-quatre-mains\/\" >\n\t\t\t\tJenny Fu et James Regan : B. SMETANA  The Moldau (pour piano \u00e0 quatre mains)\t\t\t<\/a>\n\t\t<\/h3>\n\t\t\t\t<div class=\"elementor-post__excerpt\">\n\t\t\t<p>R\u00e9cital de &lsquo;Tous en concert!&rsquo; du 14 mai 2022<\/p>\n\t\t<\/div>\n\t\t\n\t\t<a class=\"elementor-post__read-more\" href=\"https:\/\/tousenconcert.org\/fr\/extrait-musical\/jenny-fu-et-james-regan-b-smetana-the-moldau-pour-piano-a-quatre-mains\/\" aria-label=\"En savoir plus sur Jenny Fu et James Regan : B. SMETANA  The Moldau (pour piano \u00e0 quatre mains)\" >\n\t\t\tEcouter \u00bb\t\t<\/a>\n\n\t\t\t\t<\/div>\n\t\t\t\t<\/article>\n\t\t\t\t<article class=\"elementor-post elementor-grid-item post-2989 extrait-musical type-extrait-musical status-publish hentry\">\n\t\t\t\t<div class=\"elementor-post__text\">\n\t\t\t\t<h3 class=\"elementor-post__title\">\n\t\t\t<a href=\"https:\/\/tousenconcert.org\/fr\/extrait-musical\/julie-sandler-et-ludovic-disseau-piano-a-quatre-main-j-brahms-valses-opus-39\/\" >\n\t\t\t\tJulie Sandler et Ludovic Disseau (piano \u00e0 quatre main) : J. Brahms  Valses opus 39\t\t\t<\/a>\n\t\t<\/h3>\n\t\t\t\t<div class=\"elementor-post__excerpt\">\n\t\t\t<p>R\u00e9cital de &lsquo;Tous en concert !&rsquo; du 25 juin 2022<\/p>\n\t\t<\/div>\n\t\t\n\t\t<a class=\"elementor-post__read-more\" href=\"https:\/\/tousenconcert.org\/fr\/extrait-musical\/julie-sandler-et-ludovic-disseau-piano-a-quatre-main-j-brahms-valses-opus-39\/\" aria-label=\"En savoir plus sur Julie Sandler et Ludovic Disseau (piano \u00e0 quatre main) : J. Brahms  Valses opus 39\" >\n\t\t\tEcouter \u00bb\t\t<\/a>\n\n\t\t\t\t<\/div>\n\t\t\t\t<\/article>\n\t\t\t\t<article class=\"elementor-post elementor-grid-item post-2930 extrait-musical type-extrait-musical status-publish hentry\">\n\t\t\t\t<div class=\"elementor-post__text\">\n\t\t\t\t<h3 class=\"elementor-post__title\">\n\t\t\t<a href=\"https:\/\/tousenconcert.org\/fr\/extrait-musical\/jean-pierre-salmona-c-debussy-images-i-hommage-a-rameau-et-mouvement\/\" >\n\t\t\t\tJean Pierre Salmona : C. Debussy, Images I (Hommage \u00e0 rameau et Mouvement)\t\t\t<\/a>\n\t\t<\/h3>\n\t\t\t\t<div class=\"elementor-post__excerpt\">\n\t\t\t<p>R\u00e9cital de &lsquo;Tous en concert !&rsquo; du 25 juin 2022<\/p>\n\t\t<\/div>\n\t\t\n\t\t<a class=\"elementor-post__read-more\" href=\"https:\/\/tousenconcert.org\/fr\/extrait-musical\/jean-pierre-salmona-c-debussy-images-i-hommage-a-rameau-et-mouvement\/\" aria-label=\"En savoir plus sur Jean Pierre Salmona : C. Debussy, Images I (Hommage \u00e0 rameau et Mouvement)\" >\n\t\t\tEcouter \u00bb\t\t<\/a>\n\n\t\t\t\t<\/div>\n\t\t\t\t<\/article>\n\t\t\t\t<article class=\"elementor-post elementor-grid-item post-2999 extrait-musical type-extrait-musical status-publish hentry\">\n\t\t\t\t<div class=\"elementor-post__text\">\n\t\t\t\t<h3 class=\"elementor-post__title\">\n\t\t\t<a href=\"https:\/\/tousenconcert.org\/fr\/extrait-musical\/zi-xiang-wang-l-van-beethoven-themes-et-variations-opus-26-f-liszt-sonnet-de-petrarque-n104\/\" >\n\t\t\t\tZi-Xiang Wang : L. van Beethoven Th\u00e8mes et variations opus 26; F. Liszt : Sonnet de P\u00e9trarque n\u00b0104\t\t\t<\/a>\n\t\t<\/h3>\n\t\t\t\t<div class=\"elementor-post__excerpt\">\n\t\t\t<p>R\u00e9cital de &lsquo;Tous en concert !&rsquo; du 14 mai 2022<\/p>\n\t\t<\/div>\n\t\t\n\t\t<a class=\"elementor-post__read-more\" href=\"https:\/\/tousenconcert.org\/fr\/extrait-musical\/zi-xiang-wang-l-van-beethoven-themes-et-variations-opus-26-f-liszt-sonnet-de-petrarque-n104\/\" aria-label=\"En savoir plus sur Zi-Xiang Wang : L. van Beethoven Th\u00e8mes et variations opus 26; F. Liszt : Sonnet de P\u00e9trarque n\u00b0104\" >\n\t\t\tEcouter \u00bb\t\t<\/a>\n\n\t\t\t\t<\/div>\n\t\t\t\t<\/article>\n\t\t\t\t<article class=\"elementor-post elementor-grid-item post-2987 extrait-musical type-extrait-musical status-publish hentry\">\n\t\t\t\t<div class=\"elementor-post__text\">\n\t\t\t\t<h3 class=\"elementor-post__title\">\n\t\t\t<a href=\"https:\/\/tousenconcert.org\/fr\/extrait-musical\/genevieve-ellrodt-soprano-florence-mullertt-flute-veronique-bacon-piano-m-bonis-eleve-toi-mon-ame-suivi-de-a-vivaldi-sol-da-te-mio-dolce-amore\/\" >\n\t\t\t\tGenevi\u00e8ve Ellrodt (soprano), Florence Mullertt (flute), V\u00e9ronique Bacon (piano) : M.Bonis (El\u00e8ve toi mon \u00e2me) suivi de A. Vivaldi (Sol da te mio dolce amore)\t\t\t<\/a>\n\t\t<\/h3>\n\t\t\t\t<div class=\"elementor-post__excerpt\">\n\t\t\t<p>R\u00e9cutal de &lsquo;Tous en concert !&rsquo; du 14 mai 2022<\/p>\n\t\t<\/div>\n\t\t\n\t\t<a class=\"elementor-post__read-more\" href=\"https:\/\/tousenconcert.org\/fr\/extrait-musical\/genevieve-ellrodt-soprano-florence-mullertt-flute-veronique-bacon-piano-m-bonis-eleve-toi-mon-ame-suivi-de-a-vivaldi-sol-da-te-mio-dolce-amore\/\" aria-label=\"En savoir plus sur Genevi\u00e8ve Ellrodt (soprano), Florence Mullertt (flute), V\u00e9ronique Bacon (piano) : M.Bonis (El\u00e8ve toi mon \u00e2me) suivi de A. Vivaldi (Sol da te mio dolce amore)\" >\n\t\t\tEcouter \u00bb\t\t<\/a>\n\n\t\t\t\t<\/div>\n\t\t\t\t<\/article>\n\t\t\t\t<article class=\"elementor-post elementor-grid-item post-2964 extrait-musical type-extrait-musical status-publish hentry\">\n\t\t\t\t<div class=\"elementor-post__text\">\n\t\t\t\t<h3 class=\"elementor-post__title\">\n\t\t\t<a href=\"https:\/\/tousenconcert.org\/fr\/extrait-musical\/julie-sandler-e-granados-cuentos-de-la-juventud\/\" >\n\t\t\t\tJulie Sandler  E. Granados  Cuentos de la Juventud\t\t\t<\/a>\n\t\t<\/h3>\n\t\t\t\t<div class=\"elementor-post__excerpt\">\n\t\t\t<p>R\u00e9cital de &lsquo;Tous en concert !&rsquo; du 14 mai 2022<\/p>\n\t\t<\/div>\n\t\t\n\t\t<a class=\"elementor-post__read-more\" href=\"https:\/\/tousenconcert.org\/fr\/extrait-musical\/julie-sandler-e-granados-cuentos-de-la-juventud\/\" aria-label=\"En savoir plus sur Julie Sandler  E. Granados  Cuentos de la Juventud\" >\n\t\t\tEcouter \u00bb\t\t<\/a>\n\n\t\t\t\t<\/div>\n\t\t\t\t<\/article>\n\t\t\t\t<article class=\"elementor-post elementor-grid-item post-2996 extrait-musical type-extrait-musical status-publish hentry\">\n\t\t\t\t<div class=\"elementor-post__text\">\n\t\t\t\t<h3 class=\"elementor-post__title\">\n\t\t\t<a href=\"https:\/\/tousenconcert.org\/fr\/extrait-musical\/kira-vinci-c-debussy-la-plus-que-lente-et-f-poulenc-melancholie\/\" >\n\t\t\t\tKira Vinci : C. Debussy &lsquo;La plus que lente&rsquo; et F. Poulenc &lsquo;M\u00e9lancholie&rsquo;\t\t\t<\/a>\n\t\t<\/h3>\n\t\t\t\t<div class=\"elementor-post__excerpt\">\n\t\t\t<p>R\u00e9cital de &lsquo;Tous en concert ! &lsquo; du 19 mars 2022<\/p>\n\t\t<\/div>\n\t\t\n\t\t<a class=\"elementor-post__read-more\" href=\"https:\/\/tousenconcert.org\/fr\/extrait-musical\/kira-vinci-c-debussy-la-plus-que-lente-et-f-poulenc-melancholie\/\" aria-label=\"En savoir plus sur Kira Vinci : C. Debussy &lsquo;La plus que lente&rsquo; et F. Poulenc &lsquo;M\u00e9lancholie&rsquo;\" >\n\t\t\tEcouter \u00bb\t\t<\/a>\n\n\t\t\t\t<\/div>\n\t\t\t\t<\/article>\n\t\t\t\t<article class=\"elementor-post elementor-grid-item post-2961 extrait-musical type-extrait-musical status-publish hentry\">\n\t\t\t\t<div class=\"elementor-post__text\">\n\t\t\t\t<h3 class=\"elementor-post__title\">\n\t\t\t<a href=\"https:\/\/tousenconcert.org\/fr\/extrait-musical\/veronique-bourcard-violon-et-olivier-cloirec-piano-f-schubert-sonatine-en-re-majeur-d821\/\" >\n\t\t\t\tV\u00e9ronique Bourcard (violon) et Olivier Cloirec (piano)    F Schubert  Sonatine en  r\u00e9 majeur D821\t\t\t<\/a>\n\t\t<\/h3>\n\t\t\t\t<div class=\"elementor-post__excerpt\">\n\t\t\t<p>R\u00e9cital de &lsquo;Tous en concert !&rsquo; du 15 janvier 2022<\/p>\n\t\t<\/div>\n\t\t\n\t\t<a class=\"elementor-post__read-more\" href=\"https:\/\/tousenconcert.org\/fr\/extrait-musical\/veronique-bourcard-violon-et-olivier-cloirec-piano-f-schubert-sonatine-en-re-majeur-d821\/\" aria-label=\"En savoir plus sur V\u00e9ronique Bourcard (violon) et Olivier Cloirec (piano)    F Schubert  Sonatine en  r\u00e9 majeur D821\" >\n\t\t\tEcouter \u00bb\t\t<\/a>\n\n\t\t\t\t<\/div>\n\t\t\t\t<\/article>\n\t\t\t\t<article class=\"elementor-post elementor-grid-item post-2957 extrait-musical type-extrait-musical status-publish hentry\">\n\t\t\t\t<div class=\"elementor-post__text\">\n\t\t\t\t<h3 class=\"elementor-post__title\">\n\t\t\t<a href=\"https:\/\/tousenconcert.org\/fr\/extrait-musical\/2957\/\" >\n\t\t\t\tJean Sarda   W.A Mozart  Sonate pour piano K332\t\t\t<\/a>\n\t\t<\/h3>\n\t\t\t\t<div class=\"elementor-post__excerpt\">\n\t\t\t<p>(R\u00e9cital de &lsquo;Tous en concert !&rsquo; du 15 janvier 2022)<\/p>\n\t\t<\/div>\n\t\t\n\t\t<a class=\"elementor-post__read-more\" href=\"https:\/\/tousenconcert.org\/fr\/extrait-musical\/2957\/\" aria-label=\"En savoir plus sur Jean Sarda   W.A Mozart  Sonate pour piano K332\" >\n\t\t\tEcouter \u00bb\t\t<\/a>\n\n\t\t\t\t<\/div>\n\t\t\t\t<\/article>\n\t\t\t\t<article class=\"elementor-post elementor-grid-item post-2954 extrait-musical type-extrait-musical status-publish hentry\">\n\t\t\t\t<div class=\"elementor-post__text\">\n\t\t\t\t<h3 class=\"elementor-post__title\">\n\t\t\t<a href=\"https:\/\/tousenconcert.org\/fr\/extrait-musical\/florence-mulertt-flute-et-olivier-cloirec-piano-f-schubert-arpeggione-1er-mvt-recital-du-15-janvier-2022\/\" >\n\t\t\t\tFlorence Mulertt (flute) et Olivier Cloirec (piano)  F Schubert  Arpeggione (1er mvt)\t\t\t<\/a>\n\t\t<\/h3>\n\t\t\t\t<div class=\"elementor-post__excerpt\">\n\t\t\t<p>R\u00e9cital de &lsquo;Tous en concert !&rsquo; du 15 janvier 2022<\/p>\n\t\t<\/div>\n\t\t\n\t\t<a class=\"elementor-post__read-more\" href=\"https:\/\/tousenconcert.org\/fr\/extrait-musical\/florence-mulertt-flute-et-olivier-cloirec-piano-f-schubert-arpeggione-1er-mvt-recital-du-15-janvier-2022\/\" aria-label=\"En savoir plus sur Florence Mulertt (flute) et Olivier Cloirec (piano)  F Schubert  Arpeggione (1er mvt)\" >\n\t\t\tEcouter \u00bb\t\t<\/a>\n\n\t\t\t\t<\/div>\n\t\t\t\t<\/article>\n\t\t\t\t<article class=\"elementor-post elementor-grid-item post-2949 extrait-musical type-extrait-musical status-publish hentry\">\n\t\t\t\t<div class=\"elementor-post__text\">\n\t\t\t\t<h3 class=\"elementor-post__title\">\n\t\t\t<a href=\"https:\/\/tousenconcert.org\/fr\/extrait-musical\/guilhem-raillard-c-debussy\/\" >\n\t\t\t\tGuilhem Raillard   C. Debussy  extraits Pr\u00e9ludes, Images et Estampes\t\t\t<\/a>\n\t\t<\/h3>\n\t\t\t\t<div class=\"elementor-post__excerpt\">\n\t\t\t<p>R\u00e9cital de &lsquo;Tous en concert !&rsquo; du 15 janvier 2022<\/p>\n\t\t<\/div>\n\t\t\n\t\t<a class=\"elementor-post__read-more\" href=\"https:\/\/tousenconcert.org\/fr\/extrait-musical\/guilhem-raillard-c-debussy\/\" aria-label=\"En savoir plus sur Guilhem Raillard   C. Debussy  extraits Pr\u00e9ludes, Images et Estampes\" >\n\t\t\tEcouter \u00bb\t\t<\/a>\n\n\t\t\t\t<\/div>\n\t\t\t\t<\/article>\n\t\t\t\t<article class=\"elementor-post elementor-grid-item post-2770 extrait-musical type-extrait-musical status-publish hentry\">\n\t\t\t\t<div class=\"elementor-post__text\">\n\t\t\t\t<h3 class=\"elementor-post__title\">\n\t\t\t<a href=\"https:\/\/tousenconcert.org\/fr\/extrait-musical\/andre-golbert-extraits-de-ondine-et-scarbo-de-m-ravel-gaspard-de-la-nuit\/\" >\n\t\t\t\tAndre Golbert : extraits de Ondine et Scarbo, de M. Ravel : Gaspard de la nuit\t\t\t<\/a>\n\t\t<\/h3>\n\t\t\t\t<div class=\"elementor-post__excerpt\">\n\t\t\t<p>R\u00e9cital de &lsquo;Tous en concert !&rsquo; du 27 novembre 2021<\/p>\n\t\t<\/div>\n\t\t\n\t\t<a class=\"elementor-post__read-more\" href=\"https:\/\/tousenconcert.org\/fr\/extrait-musical\/andre-golbert-extraits-de-ondine-et-scarbo-de-m-ravel-gaspard-de-la-nuit\/\" aria-label=\"En savoir plus sur Andre Golbert : extraits de Ondine et Scarbo, de M. Ravel : Gaspard de la nuit\" >\n\t\t\tEcouter \u00bb\t\t<\/a>\n\n\t\t\t\t<\/div>\n\t\t\t\t<\/article>\n\t\t\t\t<article class=\"elementor-post elementor-grid-item post-2767 extrait-musical type-extrait-musical status-publish hentry\">\n\t\t\t\t<div class=\"elementor-post__text\">\n\t\t\t\t<h3 class=\"elementor-post__title\">\n\t\t\t<a href=\"https:\/\/tousenconcert.org\/fr\/extrait-musical\/catherine-yanoff-soprano-et-jenny-fu-piano-morceaux-de-debussy-faure-puccini-recital-de-tous-en-concert-du-27-novembre-2021\/\" >\n\t\t\t\tCatherine Yanoff (soprano) et Jenny Fu (piano) : morceaux de Debussy, Faur\u00e9, Puccini.\t\t\t<\/a>\n\t\t<\/h3>\n\t\t\t\t<div class=\"elementor-post__excerpt\">\n\t\t\t<p>R\u00e9cital de &lsquo;Tous en concert !&rsquo; du 27 novembre 2021<\/p>\n\t\t<\/div>\n\t\t\n\t\t<a class=\"elementor-post__read-more\" href=\"https:\/\/tousenconcert.org\/fr\/extrait-musical\/catherine-yanoff-soprano-et-jenny-fu-piano-morceaux-de-debussy-faure-puccini-recital-de-tous-en-concert-du-27-novembre-2021\/\" aria-label=\"En savoir plus sur Catherine Yanoff (soprano) et Jenny Fu (piano) : morceaux de Debussy, Faur\u00e9, Puccini.\" >\n\t\t\tEcouter \u00bb\t\t<\/a>\n\n\t\t\t\t<\/div>\n\t\t\t\t<\/article>\n\t\t\t\t<article class=\"elementor-post elementor-grid-item post-2773 extrait-musical type-extrait-musical status-publish hentry\">\n\t\t\t\t<div class=\"elementor-post__text\">\n\t\t\t\t<h3 class=\"elementor-post__title\">\n\t\t\t<a href=\"https:\/\/tousenconcert.org\/fr\/extrait-musical\/gerard-moutet-c-debussy-suite-bergamasque\/\" >\n\t\t\t\tG\u00e9rard Moutet  C. Debussy : Suite bergamasque\t\t\t<\/a>\n\t\t<\/h3>\n\t\t\t\t<div class=\"elementor-post__excerpt\">\n\t\t\t<p>R\u00e9cital de &lsquo;Tous en concert !&rsquo; du 27 novembre 2021<\/p>\n\t\t<\/div>\n\t\t\n\t\t<a class=\"elementor-post__read-more\" href=\"https:\/\/tousenconcert.org\/fr\/extrait-musical\/gerard-moutet-c-debussy-suite-bergamasque\/\" aria-label=\"En savoir plus sur G\u00e9rard Moutet  C. Debussy : Suite bergamasque\" >\n\t\t\tEcouter \u00bb\t\t<\/a>\n\n\t\t\t\t<\/div>\n\t\t\t\t<\/article>\n\t\t\t\t<article class=\"elementor-post elementor-grid-item post-2763 extrait-musical type-extrait-musical status-publish hentry\">\n\t\t\t\t<div class=\"elementor-post__text\">\n\t\t\t\t<h3 class=\"elementor-post__title\">\n\t\t\t<a href=\"https:\/\/tousenconcert.org\/fr\/extrait-musical\/extraits-du-recital-de-tous-en-concert-du-27-novembre-2021\/\" >\n\t\t\t\tExtraits du r\u00e9cital de &lsquo;Tous en concert !&rsquo; du 27 novembre 2021\t\t\t<\/a>\n\t\t<\/h3>\n\t\t\t\t<div class=\"elementor-post__excerpt\">\n\t\t\t\t\t<\/div>\n\t\t\n\t\t<a class=\"elementor-post__read-more\" href=\"https:\/\/tousenconcert.org\/fr\/extrait-musical\/extraits-du-recital-de-tous-en-concert-du-27-novembre-2021\/\" aria-label=\"En savoir plus sur Extraits du r\u00e9cital de &lsquo;Tous en concert !&rsquo; du 27 novembre 2021\" >\n\t\t\tEcouter \u00bb\t\t<\/a>\n\n\t\t\t\t<\/div>\n\t\t\t\t<\/article>\n\t\t\t\t<article class=\"elementor-post elementor-grid-item post-2292 extrait-musical type-extrait-musical status-publish hentry\">\n\t\t\t\t<div class=\"elementor-post__text\">\n\t\t\t\t<h3 class=\"elementor-post__title\">\n\t\t\t<a href=\"https:\/\/tousenconcert.org\/fr\/extrait-musical\/tous-en-concert-17-octobre-2020\/\" >\n\t\t\t\tExtraits du r\u00e9cital de  &lsquo;Tous en concert !&rsquo; du 17 octobre 2020\t\t\t<\/a>\n\t\t<\/h3>\n\t\t\t\t<div class=\"elementor-post__excerpt\">\n\t\t\t\t\t<\/div>\n\t\t\n\t\t<a class=\"elementor-post__read-more\" href=\"https:\/\/tousenconcert.org\/fr\/extrait-musical\/tous-en-concert-17-octobre-2020\/\" aria-label=\"En savoir plus sur Extraits du r\u00e9cital de  &lsquo;Tous en concert !&rsquo; du 17 octobre 2020\" >\n\t\t\tEcouter \u00bb\t\t<\/a>\n\n\t\t\t\t<\/div>\n\t\t\t\t<\/article>\n\t\t\t\t<\/div>\n\t\t\n\t\t\t\t<\/div>\n\t\t\t\t<\/div>\n\t\t\t\t\t\t<\/div>\n\t\t\t\t\t<\/div>\n\t\t<\/div>\n\t\t\t\t\t\t\t\t<\/div>\n\t\t\t\t\t<\/div>\n\t\t<\/section>\n\t\t\t\t\t\t\t\t\t<\/div>\n\t\t\t<\/div>\n\t\t\t\t\t<\/div>\n\t\t","protected":false},"excerpt":{"rendered":"","protected":false},"author":1,"featured_media":0,"parent":0,"menu_order":0,"comment_status":"closed","ping_status":"closed","template":"","meta":{"footnotes":""},"class_list":["post-1499","page","type-page","status-publish","hentry"],"acf":[],"_links":{"self":[{"href":"https:\/\/tousenconcert.org\/fr\/wp-json\/wp\/v2\/pages\/1499","targetHints":{"allow":["GET"]}}],"collection":[{"href":"https:\/\/tousenconcert.org\/fr\/wp-json\/wp\/v2\/pages"}],"about":[{"href":"https:\/\/tousenconcert.org\/fr\/wp-json\/wp\/v2\/types\/page"}],"author":[{"embeddable":true,"href":"https:\/\/tousenconcert.org\/fr\/wp-json\/wp\/v2\/users\/1"}],"replies":[{"embeddable":true,"href":"https:\/\/tousenconcert.org\/fr\/wp-json\/wp\/v2\/comments?post=1499"}],"version-history":[{"count":13,"href":"https:\/\/tousenconcert.org\/fr\/wp-json\/wp\/v2\/pages\/1499\/revisions"}],"predecessor-version":[{"id":2325,"href":"https:\/\/tousenconcert.org\/fr\/wp-json\/wp\/v2\/pages\/1499\/revisions\/2325"}],"wp:attachment":[{"href":"https:\/\/tousenconcert.org\/fr\/wp-json\/wp\/v2\/media?parent=1499"}],"curies":[{"name":"wp","href":"https:\/\/api.w.org\/{rel}","templated":true}]}}